{"id":394,"date":"2025-03-05T20:09:47","date_gmt":"2025-03-05T20:09:47","guid":{"rendered":"https:\/\/lorcarosa.es\/?page_id=394"},"modified":"2025-03-05T20:44:07","modified_gmt":"2025-03-05T20:44:07","slug":"blog","status":"publish","type":"page","link":"https:\/\/lorcarosa.es\/en\/blog\/","title":{"rendered":"Blog"},"content":{"rendered":"<div data-elementor-type=\"wp-page\" data-elementor-id=\"394\" class=\"elementor elementor-394\" data-elementor-post-type=\"page\">\n\t\t\t\t\t\t<section class=\"elementor-section elementor-top-section elementor-element elementor-element-d64f7ed elementor-section-boxed elementor-section-height-default elementor-section-height-default\" data-id=\"d64f7ed\" data-element_type=\"section\">\n\t\t\t\t\t\t<div class=\"elementor-container elementor-column-gap-no\">\n\t\t\t\t\t<div class=\"elementor-column elementor-col-100 elementor-top-column elementor-element elementor-element-7b097d81\" data-id=\"7b097d81\" data-element_type=\"column\">\n\t\t\t<div class=\"elementor-widget-wrap elementor-element-populated\">\n\t\t\t\t\t\t<div class=\"elementor-element elementor-element-a817c9e elementor-grid-3 elementor-grid-tablet-2 elementor-grid-mobile-1 elementor-posts--thumbnail-top elementor-card-shadow-yes elementor-posts__hover-gradient elementor-widget elementor-widget-posts\" data-id=\"a817c9e\" data-element_type=\"widget\" data-settings=\"{&quot;cards_columns&quot;:&quot;3&quot;,&quot;cards_columns_tablet&quot;:&quot;2&quot;,&quot;cards_columns_mobile&quot;:&quot;1&quot;,&quot;cards_row_gap&quot;:{&quot;unit&quot;:&quot;px&quot;,&quot;size&quot;:35,&quot;sizes&quot;:[]},&quot;cards_row_gap_tablet&quot;:{&quot;unit&quot;:&quot;px&quot;,&quot;size&quot;:&quot;&quot;,&quot;sizes&quot;:[]},&quot;cards_row_gap_mobile&quot;:{&quot;unit&quot;:&quot;px&quot;,&quot;size&quot;:&quot;&quot;,&quot;sizes&quot;:[]}}\" data-widget_type=\"posts.cards\">\n\t\t\t\t<div class=\"elementor-widget-container\">\n\t\t\t\t\t\t\t<div class=\"elementor-posts-container elementor-posts elementor-posts--skin-cards elementor-grid\">\n\t\t\t\t<article class=\"elementor-post elementor-grid-item post-440 post type-post status-publish format-standard has-post-thumbnail hentry category-energia-solar tag-energia-solar-fotovoltaica tag-instalacion-de-paneles-solares-en-rinconada tag-lorca-rosa-en-sevilla tag-paneles-solares\">\n\t\t\t<div class=\"elementor-post__card\">\n\t\t\t\t<a class=\"elementor-post__thumbnail__link\" href=\"https:\/\/lorcarosa.es\/en\/instalacion-de-paneles-solares-en-rinconada-sevilla\/\" ><div class=\"elementor-post__thumbnail\"><img fetchpriority=\"high\" decoding=\"async\" width=\"281\" height=\"300\" src=\"https:\/\/lorcarosa.es\/wp-content\/uploads\/2025\/02\/installing-solar-photovoltaic-panel-system-on-roof-2022-05-16-16-04-39-utc-1-1-281x300.jpg\" class=\"attachment-medium size-medium wp-image-29\" alt=\"Instalaci\u00f3n de Paneles Solares\" srcset=\"https:\/\/lorcarosa.es\/wp-content\/uploads\/2025\/02\/installing-solar-photovoltaic-panel-system-on-roof-2022-05-16-16-04-39-utc-1-1-281x300.jpg 281w, https:\/\/lorcarosa.es\/wp-content\/uploads\/2025\/02\/installing-solar-photovoltaic-panel-system-on-roof-2022-05-16-16-04-39-utc-1-1.jpg 350w\" sizes=\"(max-width: 281px) 100vw, 281px\" \/><\/div><\/a>\n\t\t\t\t<div class=\"elementor-post__badge\">Energ\u00eda Solar<\/div>\n\t\t\t\t<div class=\"elementor-post__text\">\n\t\t\t\t<h2 class=\"elementor-post__title\">\n\t\t\t<a href=\"https:\/\/lorcarosa.es\/en\/instalacion-de-paneles-solares-en-rinconada-sevilla\/\" >\n\t\t\t\tInstalaci\u00f3n de Paneles Solares en Rinconada, Sevilla\t\t\t<\/a>\n\t\t<\/h2>\n\t\t\t\t<div class=\"elementor-post__excerpt\">\n\t\t\t<p>En Rinconada, Sevilla, cada vez m\u00e1s hogares y empresas est\u00e1n adoptando la energ\u00eda solar fotovoltaica como una soluci\u00f3n sostenible y<\/p>\n\t\t<\/div>\n\t\t\n\t\t<a class=\"elementor-post__read-more\" href=\"https:\/\/lorcarosa.es\/en\/instalacion-de-paneles-solares-en-rinconada-sevilla\/\" aria-label=\"Read more about Instalaci\u00f3n de Paneles Solares en Rinconada, Sevilla\" >\n\t\t\tLeer m\u00e1s \u00bb\t\t<\/a>\n\n\t\t\t\t<\/div>\n\t\t\t\t<div class=\"elementor-post__meta-data\">\n\t\t\t\t\t<span class=\"elementor-post-date\">\n\t\t\tMarch 5, 2025\t\t<\/span>\n\t\t\t\t<span class=\"elementor-post-avatar\">\n\t\t\tNo Comments\t\t<\/span>\n\t\t\t\t<\/div>\n\t\t\t\t\t<\/div>\n\t\t<\/article>\n\t\t\t\t<article class=\"elementor-post elementor-grid-item post-437 post type-post status-publish format-standard has-post-thumbnail hentry category-domotica tag-domotica-comercial tag-modernizacion-empresarial tag-tecnologia-de-automatizacion\">\n\t\t\t<div class=\"elementor-post__card\">\n\t\t\t\t<a class=\"elementor-post__thumbnail__link\" href=\"https:\/\/lorcarosa.es\/en\/sistemas-de-domotica-para-empresas\/\" ><div class=\"elementor-post__thumbnail\"><img decoding=\"async\" width=\"300\" height=\"200\" src=\"https:\/\/lorcarosa.es\/wp-content\/uploads\/2025\/03\/domotica-comercios-300x200.jpg\" class=\"attachment-medium size-medium wp-image-438\" alt=\"Dom\u00f3tica para empresas\" srcset=\"https:\/\/lorcarosa.es\/wp-content\/uploads\/2025\/03\/domotica-comercios-300x200.jpg 300w, https:\/\/lorcarosa.es\/wp-content\/uploads\/2025\/03\/domotica-comercios-1024x683.jpg 1024w, https:\/\/lorcarosa.es\/wp-content\/uploads\/2025\/03\/domotica-comercios-768x512.jpg 768w, https:\/\/lorcarosa.es\/wp-content\/uploads\/2025\/03\/domotica-comercios-18x12.jpg 18w, https:\/\/lorcarosa.es\/wp-content\/uploads\/2025\/03\/domotica-comercios.jpg 1250w\" sizes=\"(max-width: 300px) 100vw, 300px\" \/><\/div><\/a>\n\t\t\t\t<div class=\"elementor-post__badge\">Dom\u00f3tica<\/div>\n\t\t\t\t<div class=\"elementor-post__text\">\n\t\t\t\t<h2 class=\"elementor-post__title\">\n\t\t\t<a href=\"https:\/\/lorcarosa.es\/en\/sistemas-de-domotica-para-empresas\/\" >\n\t\t\t\tSistemas de Dom\u00f3tica para empresas\t\t\t<\/a>\n\t\t<\/h2>\n\t\t\t\t<div class=\"elementor-post__excerpt\">\n\t\t\t<p>En Rinconada, Sevilla, los propietarios de negocios y gerentes de instalaciones est\u00e1n cada vez m\u00e1s interesados en adoptar tecnolog\u00edas de<\/p>\n\t\t<\/div>\n\t\t\n\t\t<a class=\"elementor-post__read-more\" href=\"https:\/\/lorcarosa.es\/en\/sistemas-de-domotica-para-empresas\/\" aria-label=\"Read more about Sistemas de Dom\u00f3tica para empresas\" >\n\t\t\tLeer m\u00e1s \u00bb\t\t<\/a>\n\n\t\t\t\t<\/div>\n\t\t\t\t<div class=\"elementor-post__meta-data\">\n\t\t\t\t\t<span class=\"elementor-post-date\">\n\t\t\tMarch 5, 2025\t\t<\/span>\n\t\t\t\t<span class=\"elementor-post-avatar\">\n\t\t\tNo Comments\t\t<\/span>\n\t\t\t\t<\/div>\n\t\t\t\t\t<\/div>\n\t\t<\/article>\n\t\t\t\t<article class=\"elementor-post elementor-grid-item post-434 post type-post status-publish format-standard has-post-thumbnail hentry category-energia-solar tag-energia-solar-fotovoltaica tag-fuente-de-energia-confiable tag-sostenibilidad-empresarial\">\n\t\t\t<div class=\"elementor-post__card\">\n\t\t\t\t<a class=\"elementor-post__thumbnail__link\" href=\"https:\/\/lorcarosa.es\/en\/paneles-solares-una-fuente-de-energia-confiable-para-tu-empresa\/\" ><div class=\"elementor-post__thumbnail\"><img decoding=\"async\" width=\"216\" height=\"300\" src=\"https:\/\/lorcarosa.es\/wp-content\/uploads\/2025\/02\/man-worker-installing-solar-photovoltaic-panels-on-2022-11-12-14-54-17-utc-1-216x300.jpg\" class=\"attachment-medium size-medium wp-image-20\" alt=\"Paneles Solares\" srcset=\"https:\/\/lorcarosa.es\/wp-content\/uploads\/2025\/02\/man-worker-installing-solar-photovoltaic-panels-on-2022-11-12-14-54-17-utc-1-216x300.jpg 216w, https:\/\/lorcarosa.es\/wp-content\/uploads\/2025\/02\/man-worker-installing-solar-photovoltaic-panels-on-2022-11-12-14-54-17-utc-1.jpg 600w\" sizes=\"(max-width: 216px) 100vw, 216px\" \/><\/div><\/a>\n\t\t\t\t<div class=\"elementor-post__badge\">Energ\u00eda Solar<\/div>\n\t\t\t\t<div class=\"elementor-post__text\">\n\t\t\t\t<h2 class=\"elementor-post__title\">\n\t\t\t<a href=\"https:\/\/lorcarosa.es\/en\/paneles-solares-una-fuente-de-energia-confiable-para-tu-empresa\/\" >\n\t\t\t\tPaneles Solares: Una Fuente de Energ\u00eda Confiable para tu Empresa\t\t\t<\/a>\n\t\t<\/h2>\n\t\t\t\t<div class=\"elementor-post__excerpt\">\n\t\t\t<p>En Lorca Rosa, nos especializamos en la implementaci\u00f3n de sistemas de energ\u00eda solar fotovoltaica que no s\u00f3lo aseguran una fuente<\/p>\n\t\t<\/div>\n\t\t\n\t\t<a class=\"elementor-post__read-more\" href=\"https:\/\/lorcarosa.es\/en\/paneles-solares-una-fuente-de-energia-confiable-para-tu-empresa\/\" aria-label=\"Read more about Paneles Solares: Una Fuente de Energ\u00eda Confiable para tu Empresa\" >\n\t\t\tLeer m\u00e1s \u00bb\t\t<\/a>\n\n\t\t\t\t<\/div>\n\t\t\t\t<div class=\"elementor-post__meta-data\">\n\t\t\t\t\t<span class=\"elementor-post-date\">\n\t\t\tMarch 5, 2025\t\t<\/span>\n\t\t\t\t<span class=\"elementor-post-avatar\">\n\t\t\tNo Comments\t\t<\/span>\n\t\t\t\t<\/div>\n\t\t\t\t\t<\/div>\n\t\t<\/article>\n\t\t\t\t<article class=\"elementor-post elementor-grid-item post-426 post type-post status-publish format-standard has-post-thumbnail hentry category-energia-solar tag-climatizacion-moderna tag-eficiencia-energetica tag-energia-solar-fotovoltaica tag-lorca-rosa tag-tecnologia-renovable\">\n\t\t\t<div class=\"elementor-post__card\">\n\t\t\t\t<a class=\"elementor-post__thumbnail__link\" href=\"https:\/\/lorcarosa.es\/en\/energia-solar-fotovoltaica-que-es-y-como-afecta-la-climatizacion-moderna\/\" ><div class=\"elementor-post__thumbnail\"><img loading=\"lazy\" decoding=\"async\" width=\"300\" height=\"300\" src=\"https:\/\/lorcarosa.es\/wp-content\/uploads\/2025\/02\/05-300x300.jpg\" class=\"attachment-medium size-medium wp-image-236\" alt=\"energ\u00eda solar\" srcset=\"https:\/\/lorcarosa.es\/wp-content\/uploads\/2025\/02\/05-300x300.jpg 300w, https:\/\/lorcarosa.es\/wp-content\/uploads\/2025\/02\/05-150x150.jpg 150w, https:\/\/lorcarosa.es\/wp-content\/uploads\/2025\/02\/05-768x768.jpg 768w, https:\/\/lorcarosa.es\/wp-content\/uploads\/2025\/02\/05.jpg 800w\" sizes=\"(max-width: 300px) 100vw, 300px\" \/><\/div><\/a>\n\t\t\t\t<div class=\"elementor-post__badge\">Energ\u00eda Solar<\/div>\n\t\t\t\t<div class=\"elementor-post__text\">\n\t\t\t\t<h2 class=\"elementor-post__title\">\n\t\t\t<a href=\"https:\/\/lorcarosa.es\/en\/energia-solar-fotovoltaica-que-es-y-como-afecta-la-climatizacion-moderna\/\" >\n\t\t\t\tEnerg\u00eda Solar Fotovoltaica: \u00bfQu\u00e9 es y C\u00f3mo Afecta la Climatizaci\u00f3n Moderna?\t\t\t<\/a>\n\t\t<\/h2>\n\t\t\t\t<div class=\"elementor-post__excerpt\">\n\t\t\t<p>La energ\u00eda solar fotovoltaica est\u00e1 emergiendo como un protagonista clave en la revoluci\u00f3n de la climatizaci\u00f3n moderna. En este art\u00edculo,<\/p>\n\t\t<\/div>\n\t\t\n\t\t<a class=\"elementor-post__read-more\" href=\"https:\/\/lorcarosa.es\/en\/energia-solar-fotovoltaica-que-es-y-como-afecta-la-climatizacion-moderna\/\" aria-label=\"Read more about Energ\u00eda Solar Fotovoltaica: \u00bfQu\u00e9 es y C\u00f3mo Afecta la Climatizaci\u00f3n Moderna?\" >\n\t\t\tLeer m\u00e1s \u00bb\t\t<\/a>\n\n\t\t\t\t<\/div>\n\t\t\t\t<div class=\"elementor-post__meta-data\">\n\t\t\t\t\t<span class=\"elementor-post-date\">\n\t\t\tMarch 5, 2025\t\t<\/span>\n\t\t\t\t<span class=\"elementor-post-avatar\">\n\t\t\tNo Comments\t\t<\/span>\n\t\t\t\t<\/div>\n\t\t\t\t\t<\/div>\n\t\t<\/article>\n\t\t\t\t<article class=\"elementor-post elementor-grid-item post-427 post type-post status-publish format-standard has-post-thumbnail hentry category-domotica tag-automatizacion-del-hogar tag-domotica tag-domotica-para-el-hogar tag-domotica-para-empresas tag-eficiencia-energetica tag-lorca-rosa tag-seguridad-en-el-hogar tag-tecnologia-inteligente\">\n\t\t\t<div class=\"elementor-post__card\">\n\t\t\t\t<a class=\"elementor-post__thumbnail__link\" href=\"https:\/\/lorcarosa.es\/en\/domotica-y-automatizacion-redefiniendo-la-comodidad-y-eficiencia-en-tu-hogar\/\" ><div class=\"elementor-post__thumbnail\"><img loading=\"lazy\" decoding=\"async\" width=\"300\" height=\"300\" src=\"https:\/\/lorcarosa.es\/wp-content\/uploads\/2025\/02\/06-300x300.jpg\" class=\"attachment-medium size-medium wp-image-231\" alt=\"dom\u00f3tica\" srcset=\"https:\/\/lorcarosa.es\/wp-content\/uploads\/2025\/02\/06-300x300.jpg 300w, https:\/\/lorcarosa.es\/wp-content\/uploads\/2025\/02\/06-150x150.jpg 150w, https:\/\/lorcarosa.es\/wp-content\/uploads\/2025\/02\/06-768x768.jpg 768w, https:\/\/lorcarosa.es\/wp-content\/uploads\/2025\/02\/06.jpg 800w\" sizes=\"(max-width: 300px) 100vw, 300px\" \/><\/div><\/a>\n\t\t\t\t<div class=\"elementor-post__badge\">Dom\u00f3tica<\/div>\n\t\t\t\t<div class=\"elementor-post__text\">\n\t\t\t\t<h2 class=\"elementor-post__title\">\n\t\t\t<a href=\"https:\/\/lorcarosa.es\/en\/domotica-y-automatizacion-redefiniendo-la-comodidad-y-eficiencia-en-tu-hogar\/\" >\n\t\t\t\tDom\u00f3tica y Automatizaci\u00f3n: Redefiniendo la Comodidad y Eficiencia en tu Hogar\t\t\t<\/a>\n\t\t<\/h2>\n\t\t\t\t<div class=\"elementor-post__excerpt\">\n\t\t\t<p>\u00bfQu\u00e9 es la Dom\u00f3tica?&nbsp; La dom\u00f3tica, o automatizaci\u00f3n del hogar, se refiere al uso de tecnolog\u00eda inteligente para controlar y<\/p>\n\t\t<\/div>\n\t\t\n\t\t<a class=\"elementor-post__read-more\" href=\"https:\/\/lorcarosa.es\/en\/domotica-y-automatizacion-redefiniendo-la-comodidad-y-eficiencia-en-tu-hogar\/\" aria-label=\"Read more about Dom\u00f3tica y Automatizaci\u00f3n: Redefiniendo la Comodidad y Eficiencia en tu Hogar\" >\n\t\t\tLeer m\u00e1s \u00bb\t\t<\/a>\n\n\t\t\t\t<\/div>\n\t\t\t\t<div class=\"elementor-post__meta-data\">\n\t\t\t\t\t<span class=\"elementor-post-date\">\n\t\t\tMarch 5, 2025\t\t<\/span>\n\t\t\t\t<span class=\"elementor-post-avatar\">\n\t\t\tNo Comments\t\t<\/span>\n\t\t\t\t<\/div>\n\t\t\t\t\t<\/div>\n\t\t<\/article>\n\t\t\t\t<\/div>\n\t\t\n\t\t\t\t\t\t<\/div>\n\t\t\t\t<\/div>\n\t\t\t\t\t<\/div>\n\t\t<\/div>\n\t\t\t\t\t<\/div>\n\t\t<\/section>\n\t\t\t\t<\/div>","protected":false},"excerpt":{"rendered":"","protected":false},"author":2,"featured_media":0,"parent":0,"menu_order":0,"comment_status":"closed","ping_status":"closed","template":"","meta":{"footnotes":""},"class_list":["post-394","page","type-page","status-publish","hentry"],"_links":{"self":[{"href":"https:\/\/lorcarosa.es\/en\/wp-json\/wp\/v2\/pages\/394","targetHints":{"allow":["GET"]}}],"collection":[{"href":"https:\/\/lorcarosa.es\/en\/wp-json\/wp\/v2\/pages"}],"about":[{"href":"https:\/\/lorcarosa.es\/en\/wp-json\/wp\/v2\/types\/page"}],"author":[{"embeddable":true,"href":"https:\/\/lorcarosa.es\/en\/wp-json\/wp\/v2\/users\/2"}],"replies":[{"embeddable":true,"href":"https:\/\/lorcarosa.es\/en\/wp-json\/wp\/v2\/comments?post=394"}],"version-history":[{"count":0,"href":"https:\/\/lorcarosa.es\/en\/wp-json\/wp\/v2\/pages\/394\/revisions"}],"wp:attachment":[{"href":"https:\/\/lorcarosa.es\/en\/wp-json\/wp\/v2\/media?parent=394"}],"curies":[{"name":"wp","href":"https:\/\/api.w.org\/{rel}","templated":true}]}}